{"id":20,"date":"2024-11-06T03:55:14","date_gmt":"2024-11-06T03:55:14","guid":{"rendered":"https:\/\/torresdetajamar.cl\/?page_id=20"},"modified":"2024-11-06T05:27:52","modified_gmt":"2024-11-06T05:27:52","slug":"noticias","status":"publish","type":"page","link":"https:\/\/torresdetajamar.cl\/index.php\/noticias\/","title":{"rendered":"Noticias"},"content":{"rendered":"\n<div class=\"wp-block-group alignfull has-global-padding is-layout-constrained wp-container-core-group-is-layout-cb151cc7 wp-block-group-is-layout-constrained\" style=\"margin-top:0;margin-bottom:0;padding-top:0;padding-right:var(--wp--preset--spacing--50);padding-bottom:0;padding-left:var(--wp--preset--spacing--50)\">\n<div style=\"margin-top:0;margin-bottom:0;height:var(--wp--preset--spacing--10)\" aria-hidden=\"true\" class=\"wp-block-spacer\"><\/div>\n\n\n\n<div class=\"wp-block-columns alignwide is-layout-flex wp-container-core-columns-is-layout-d0846407 wp-block-columns-is-layout-flex\">\n<div class=\"wp-block-column is-layout-flow wp-block-column-is-layout-flow\" style=\"flex-basis:60%\">\n<div class=\"wp-block-query is-layout-flow wp-block-query-is-layout-flow\"><ul class=\"wp-block-post-template is-layout-flow wp-container-core-post-template-is-layout-ea1fff98 wp-block-post-template-is-layout-flow\"><li class=\"wp-block-post post-45 post type-post status-publish format-standard has-post-thumbnail hentry category-noticias tag-alianzas tag-arquitectura\">\n<figure style=\"aspect-ratio:3\/4;\" class=\"wp-block-post-featured-image\"><a href=\"https:\/\/torresdetajamar.cl\/index.php\/2024\/11\/06\/colaboracion-con-el-colegio-de-arquitectos-de-chile\/\" target=\"_self\"  ><img loading=\"lazy\" decoding=\"async\" width=\"846\" height=\"677\" src=\"https:\/\/torresdetajamar.cl\/wp-content\/uploads\/2024\/11\/photo_2024-10-31_21-22-55.jpg\" class=\"attachment-post-thumbnail size-post-thumbnail wp-post-image\" alt=\"Colaboraci\u00f3n con el Colegio de Arquitectos de Chile\" style=\"width:100%;height:100%;object-fit:cover;\" srcset=\"https:\/\/torresdetajamar.cl\/wp-content\/uploads\/2024\/11\/photo_2024-10-31_21-22-55.jpg 846w, https:\/\/torresdetajamar.cl\/wp-content\/uploads\/2024\/11\/photo_2024-10-31_21-22-55-300x240.jpg 300w, https:\/\/torresdetajamar.cl\/wp-content\/uploads\/2024\/11\/photo_2024-10-31_21-22-55-768x615.jpg 768w\" sizes=\"auto, (max-width: 846px) 100vw, 846px\" \/><\/a><\/figure>\n\n\n<div style=\"height:var(--wp--preset--spacing--10)\" aria-hidden=\"true\" class=\"wp-block-spacer\"><\/div>\n\n\n\n<div class=\"wp-block-group is-vertical is-nowrap is-layout-flex wp-container-core-group-is-layout-027a86ef wp-block-group-is-layout-flex\"><h3 class=\"wp-block-post-title has-x-large-font-size\"><a href=\"https:\/\/torresdetajamar.cl\/index.php\/2024\/11\/06\/colaboracion-con-el-colegio-de-arquitectos-de-chile\/\" target=\"_self\" >Colaboraci\u00f3n con el Colegio de Arquitectos de Chile<\/a><\/h3>\n\n<div class=\"wp-block-post-excerpt\"><p class=\"wp-block-post-excerpt__excerpt\">En octubre de 2024, el Comit\u00e9 de Administraci\u00f3n de Torres de Tajamar se reuni\u00f3 con la presidenta del Colegio de Arquitectos de Chile. Este encuentro es parte de un plan de trabajo a mediano y&hellip; <\/p><\/div>\n\n<div class=\"wp-block-template-part\">\n\n<div class=\"wp-block-group has-global-padding is-layout-constrained wp-block-group-is-layout-constrained\">\n\t\n\t<div class=\"wp-block-group is-content-justification-left is-layout-flex wp-container-core-group-is-layout-dfe8e91f wp-block-group-is-layout-flex\">\n\t\t<div class=\"wp-block-post-date\"><time datetime=\"2024-11-06T03:39:41+00:00\"><a href=\"https:\/\/torresdetajamar.cl\/index.php\/2024\/11\/06\/colaboracion-con-el-colegio-de-arquitectos-de-chile\/\">Nov 6, 2024<\/a><\/time><\/div>\n\n\t\t\n\t\t<p class=\"has-contrast-2-color has-text-color\">\u2014<\/p>\n\t\t\n\n\t\t\n\t\t<p class=\"has-small-font-size has-contrast-2-color has-text-color\">por<\/p>\n\t\t\n\n\t\t<div class=\"wp-block-post-author-name\"><a href=\"https:\/\/torresdetajamar.cl\/index.php\/author\/admin_qkxcsxp6\/\" target=\"_self\" class=\"wp-block-post-author-name__link\">admin<\/a><\/div>\n\n\t\t<div class=\"taxonomy-category wp-block-post-terms\"><span class=\"wp-block-post-terms__prefix\">en <\/span><a href=\"https:\/\/torresdetajamar.cl\/index.php\/category\/noticias\/\" rel=\"tag\">Noticias<\/a><\/div>\n\n\t<\/div>\n\t\n<\/div>\n\n\n<\/div><\/div>\n\n<\/li><\/ul><\/div>\n<\/div>\n\n\n\n<div class=\"wp-block-column is-layout-flow wp-block-column-is-layout-flow\" style=\"flex-basis:40%\">\n<div class=\"wp-block-query is-layout-flow wp-block-query-is-layout-flow\"><ul class=\"wp-block-post-template is-layout-flow wp-container-core-post-template-is-layout-6b084be1 wp-block-post-template-is-layout-flow\"><li class=\"wp-block-post post-40 post type-post status-publish format-standard has-post-thumbnail hentry category-noticias tag-comite-de-administracion tag-elecciones\">\n<figure style=\"aspect-ratio:4\/3;\" class=\"wp-block-post-featured-image\"><a href=\"https:\/\/torresdetajamar.cl\/index.php\/2024\/11\/06\/eleccion-de-nuevos-delegados-del-comite-de-administracion-en-torres-b-y-d\/\" target=\"_self\"  ><img loading=\"lazy\" decoding=\"async\" width=\"1280\" height=\"720\" src=\"https:\/\/torresdetajamar.cl\/wp-content\/uploads\/2024\/11\/photo_2024-10-31_21-23-02.jpg\" class=\"attachment-post-thumbnail size-post-thumbnail wp-post-image\" alt=\"Elecci\u00f3n de Nuevos Delegados del Comit\u00e9 de Administraci\u00f3n en Torres B y D\" style=\"width:100%;height:100%;object-fit:cover;\" srcset=\"https:\/\/torresdetajamar.cl\/wp-content\/uploads\/2024\/11\/photo_2024-10-31_21-23-02.jpg 1280w, https:\/\/torresdetajamar.cl\/wp-content\/uploads\/2024\/11\/photo_2024-10-31_21-23-02-300x169.jpg 300w, https:\/\/torresdetajamar.cl\/wp-content\/uploads\/2024\/11\/photo_2024-10-31_21-23-02-1024x576.jpg 1024w, https:\/\/torresdetajamar.cl\/wp-content\/uploads\/2024\/11\/photo_2024-10-31_21-23-02-768x432.jpg 768w\" sizes=\"auto, (max-width: 1280px) 100vw, 1280px\" \/><\/a><\/figure>\n\n\n<div style=\"height:5px\" aria-hidden=\"true\" class=\"wp-block-spacer\"><\/div>\n\n\n\n<div class=\"wp-block-group is-vertical is-nowrap is-layout-flex wp-container-core-group-is-layout-9bc6ff26 wp-block-group-is-layout-flex\"><h3 class=\"wp-block-post-title has-large-font-size\"><a href=\"https:\/\/torresdetajamar.cl\/index.php\/2024\/11\/06\/eleccion-de-nuevos-delegados-del-comite-de-administracion-en-torres-b-y-d\/\" target=\"_self\" >Elecci\u00f3n de Nuevos Delegados del Comit\u00e9 de Administraci\u00f3n en Torres B y D<\/a><\/h3>\n\n<div class=\"wp-block-post-excerpt has-small-font-size\"><p class=\"wp-block-post-excerpt__excerpt\">En septiembre de 2024, la comunidad de las Torres de Tajamar eligi\u00f3 a nuevos&hellip; <\/p><\/div>\n\n<div class=\"wp-block-template-part\">\n\n<div class=\"wp-block-group has-global-padding is-layout-constrained wp-block-group-is-layout-constrained\">\n\t\n\t<div class=\"wp-block-group is-content-justification-left is-layout-flex wp-container-core-group-is-layout-dfe8e91f wp-block-group-is-layout-flex\">\n\t\t<div class=\"wp-block-post-date\"><time datetime=\"2024-11-06T03:01:37+00:00\"><a href=\"https:\/\/torresdetajamar.cl\/index.php\/2024\/11\/06\/eleccion-de-nuevos-delegados-del-comite-de-administracion-en-torres-b-y-d\/\">Nov 6, 2024<\/a><\/time><\/div>\n\n\t\t\n\t\t<p class=\"has-contrast-2-color has-text-color\">\u2014<\/p>\n\t\t\n\n\t\t\n\t\t<p class=\"has-small-font-size has-contrast-2-color has-text-color\">por<\/p>\n\t\t\n\n\t\t<div class=\"wp-block-post-author-name\"><a href=\"https:\/\/torresdetajamar.cl\/index.php\/author\/admin_qkxcsxp6\/\" target=\"_self\" class=\"wp-block-post-author-name__link\">admin<\/a><\/div>\n\n\t\t<div class=\"taxonomy-category wp-block-post-terms\"><span class=\"wp-block-post-terms__prefix\">en <\/span><a href=\"https:\/\/torresdetajamar.cl\/index.php\/category\/noticias\/\" rel=\"tag\">Noticias<\/a><\/div>\n\n\t<\/div>\n\t\n<\/div>\n\n\n<\/div><\/div>\n\n<\/li><li class=\"wp-block-post post-1 post type-post status-publish format-standard has-post-thumbnail hentry category-noticias tag-asamblea tag-postulacion tag-proyecto\">\n<figure style=\"aspect-ratio:4\/3;\" class=\"wp-block-post-featured-image\"><a href=\"https:\/\/torresdetajamar.cl\/index.php\/2024\/10\/31\/postulacion-al-programa-minvu-para-mejoramiento-de-viviendas\/\" target=\"_self\"  ><img loading=\"lazy\" decoding=\"async\" width=\"2560\" height=\"1440\" src=\"https:\/\/torresdetajamar.cl\/wp-content\/uploads\/2024\/11\/AsambleaInformativa-05Ago-01-scaled.jpg\" class=\"attachment-post-thumbnail size-post-thumbnail wp-post-image\" alt=\"Postulaci\u00f3n al Programa MINVU para Mejoramiento de Viviendas\" style=\"width:100%;height:100%;object-fit:cover;\" srcset=\"https:\/\/torresdetajamar.cl\/wp-content\/uploads\/2024\/11\/AsambleaInformativa-05Ago-01-scaled.jpg 2560w, https:\/\/torresdetajamar.cl\/wp-content\/uploads\/2024\/11\/AsambleaInformativa-05Ago-01-300x169.jpg 300w, https:\/\/torresdetajamar.cl\/wp-content\/uploads\/2024\/11\/AsambleaInformativa-05Ago-01-1024x576.jpg 1024w, https:\/\/torresdetajamar.cl\/wp-content\/uploads\/2024\/11\/AsambleaInformativa-05Ago-01-768x432.jpg 768w, https:\/\/torresdetajamar.cl\/wp-content\/uploads\/2024\/11\/AsambleaInformativa-05Ago-01-1536x864.jpg 1536w, https:\/\/torresdetajamar.cl\/wp-content\/uploads\/2024\/11\/AsambleaInformativa-05Ago-01-2048x1152.jpg 2048w\" sizes=\"auto, (max-width: 2560px) 100vw, 2560px\" \/><\/a><\/figure>\n\n\n<div style=\"height:5px\" aria-hidden=\"true\" class=\"wp-block-spacer\"><\/div>\n\n\n\n<div class=\"wp-block-group is-vertical is-nowrap is-layout-flex wp-container-core-group-is-layout-9bc6ff26 wp-block-group-is-layout-flex\"><h3 class=\"wp-block-post-title has-large-font-size\"><a href=\"https:\/\/torresdetajamar.cl\/index.php\/2024\/10\/31\/postulacion-al-programa-minvu-para-mejoramiento-de-viviendas\/\" target=\"_self\" >Postulaci\u00f3n al Programa MINVU para Mejoramiento de Viviendas<\/a><\/h3>\n\n<div class=\"wp-block-post-excerpt has-small-font-size\"><p class=\"wp-block-post-excerpt__excerpt\">En agosto de 2024, la comunidad de Torres de Tajamar dio un paso importante&hellip; <\/p><\/div>\n\n<div class=\"wp-block-template-part\">\n\n<div class=\"wp-block-group has-global-padding is-layout-constrained wp-block-group-is-layout-constrained\">\n\t\n\t<div class=\"wp-block-group is-content-justification-left is-layout-flex wp-container-core-group-is-layout-dfe8e91f wp-block-group-is-layout-flex\">\n\t\t<div class=\"wp-block-post-date\"><time datetime=\"2024-10-31T21:11:22+00:00\"><a href=\"https:\/\/torresdetajamar.cl\/index.php\/2024\/10\/31\/postulacion-al-programa-minvu-para-mejoramiento-de-viviendas\/\">Oct 31, 2024<\/a><\/time><\/div>\n\n\t\t\n\t\t<p class=\"has-contrast-2-color has-text-color\">\u2014<\/p>\n\t\t\n\n\t\t\n\t\t<p class=\"has-small-font-size has-contrast-2-color has-text-color\">por<\/p>\n\t\t\n\n\t\t<div class=\"wp-block-post-author-name\"><a href=\"https:\/\/torresdetajamar.cl\/index.php\/author\/admin_qkxcsxp6\/\" target=\"_self\" class=\"wp-block-post-author-name__link\">admin<\/a><\/div>\n\n\t\t<div class=\"taxonomy-category wp-block-post-terms\"><span class=\"wp-block-post-terms__prefix\">en <\/span><a href=\"https:\/\/torresdetajamar.cl\/index.php\/category\/noticias\/\" rel=\"tag\">Noticias<\/a><\/div>\n\n\t<\/div>\n\t\n<\/div>\n\n\n<\/div><\/div>\n\n<\/li><\/ul><\/div>\n<\/div>\n<\/div>\n<\/div>\n","protected":false},"excerpt":{"rendered":"","protected":false},"author":1,"featured_media":0,"parent":0,"menu_order":0,"comment_status":"closed","ping_status":"closed","template":"","meta":{"footnotes":""},"class_list":["post-20","page","type-page","status-publish","hentry"],"yoast_head":"<!-- This site is optimized with the Yoast SEO plugin v23.9 - https:\/\/yoast.com\/wordpress\/plugins\/seo\/ -->\n<title>Noticias - Comunidad Torres de Tajamar<\/title>\n<meta name=\"robots\" content=\"index, follow, max-snippet:-1, max-image-preview:large, max-video-preview:-1\" \/>\n<link rel=\"canonical\" href=\"https:\/\/torresdetajamar.cl\/index.php\/noticias\/\" \/>\n<meta property=\"og:locale\" content=\"es_ES\" \/>\n<meta property=\"og:type\" content=\"article\" \/>\n<meta property=\"og:title\" content=\"Noticias - Comunidad Torres de Tajamar\" \/>\n<meta property=\"og:url\" content=\"https:\/\/torresdetajamar.cl\/index.php\/noticias\/\" \/>\n<meta property=\"og:site_name\" content=\"Comunidad Torres de Tajamar\" \/>\n<meta property=\"article:modified_time\" content=\"2024-11-06T05:27:52+00:00\" \/>\n<meta name=\"twitter:card\" content=\"summary_large_image\" \/>\n<script type=\"application\/ld+json\" class=\"yoast-schema-graph\">{\"@context\":\"https:\/\/schema.org\",\"@graph\":[{\"@type\":\"WebPage\",\"@id\":\"https:\/\/torresdetajamar.cl\/index.php\/noticias\/\",\"url\":\"https:\/\/torresdetajamar.cl\/index.php\/noticias\/\",\"name\":\"Noticias - Comunidad Torres de Tajamar\",\"isPartOf\":{\"@id\":\"https:\/\/torresdetajamar.cl\/#website\"},\"datePublished\":\"2024-11-06T03:55:14+00:00\",\"dateModified\":\"2024-11-06T05:27:52+00:00\",\"breadcrumb\":{\"@id\":\"https:\/\/torresdetajamar.cl\/index.php\/noticias\/#breadcrumb\"},\"inLanguage\":\"es\",\"potentialAction\":[{\"@type\":\"ReadAction\",\"target\":[\"https:\/\/torresdetajamar.cl\/index.php\/noticias\/\"]}]},{\"@type\":\"BreadcrumbList\",\"@id\":\"https:\/\/torresdetajamar.cl\/index.php\/noticias\/#breadcrumb\",\"itemListElement\":[{\"@type\":\"ListItem\",\"position\":1,\"name\":\"Portada\",\"item\":\"https:\/\/torresdetajamar.cl\/\"},{\"@type\":\"ListItem\",\"position\":2,\"name\":\"Noticias\"}]},{\"@type\":\"WebSite\",\"@id\":\"https:\/\/torresdetajamar.cl\/#website\",\"url\":\"https:\/\/torresdetajamar.cl\/\",\"name\":\"Comunidad Torres de Tajamar\",\"description\":\"\",\"publisher\":{\"@id\":\"https:\/\/torresdetajamar.cl\/#organization\"},\"potentialAction\":[{\"@type\":\"SearchAction\",\"target\":{\"@type\":\"EntryPoint\",\"urlTemplate\":\"https:\/\/torresdetajamar.cl\/?s={search_term_string}\"},\"query-input\":{\"@type\":\"PropertyValueSpecification\",\"valueRequired\":true,\"valueName\":\"search_term_string\"}}],\"inLanguage\":\"es\"},{\"@type\":\"Organization\",\"@id\":\"https:\/\/torresdetajamar.cl\/#organization\",\"name\":\"Comunidad Torres de Tajamar\",\"url\":\"https:\/\/torresdetajamar.cl\/\",\"logo\":{\"@type\":\"ImageObject\",\"inLanguage\":\"es\",\"@id\":\"https:\/\/torresdetajamar.cl\/#\/schema\/logo\/image\/\",\"url\":\"https:\/\/torresdetajamar.cl\/wp-content\/uploads\/2024\/10\/Sin-titulo-100x100-1.png\",\"contentUrl\":\"https:\/\/torresdetajamar.cl\/wp-content\/uploads\/2024\/10\/Sin-titulo-100x100-1.png\",\"width\":100,\"height\":100,\"caption\":\"Comunidad Torres de Tajamar\"},\"image\":{\"@id\":\"https:\/\/torresdetajamar.cl\/#\/schema\/logo\/image\/\"}}]}<\/script>\n<!-- \/ Yoast SEO plugin. -->","yoast_head_json":{"title":"Noticias - Comunidad Torres de Tajamar","robots":{"index":"index","follow":"follow","max-snippet":"max-snippet:-1","max-image-preview":"max-image-preview:large","max-video-preview":"max-video-preview:-1"},"canonical":"https:\/\/torresdetajamar.cl\/index.php\/noticias\/","og_locale":"es_ES","og_type":"article","og_title":"Noticias - Comunidad Torres de Tajamar","og_url":"https:\/\/torresdetajamar.cl\/index.php\/noticias\/","og_site_name":"Comunidad Torres de Tajamar","article_modified_time":"2024-11-06T05:27:52+00:00","twitter_card":"summary_large_image","schema":{"@context":"https:\/\/schema.org","@graph":[{"@type":"WebPage","@id":"https:\/\/torresdetajamar.cl\/index.php\/noticias\/","url":"https:\/\/torresdetajamar.cl\/index.php\/noticias\/","name":"Noticias - Comunidad Torres de Tajamar","isPartOf":{"@id":"https:\/\/torresdetajamar.cl\/#website"},"datePublished":"2024-11-06T03:55:14+00:00","dateModified":"2024-11-06T05:27:52+00:00","breadcrumb":{"@id":"https:\/\/torresdetajamar.cl\/index.php\/noticias\/#breadcrumb"},"inLanguage":"es","potentialAction":[{"@type":"ReadAction","target":["https:\/\/torresdetajamar.cl\/index.php\/noticias\/"]}]},{"@type":"BreadcrumbList","@id":"https:\/\/torresdetajamar.cl\/index.php\/noticias\/#breadcrumb","itemListElement":[{"@type":"ListItem","position":1,"name":"Portada","item":"https:\/\/torresdetajamar.cl\/"},{"@type":"ListItem","position":2,"name":"Noticias"}]},{"@type":"WebSite","@id":"https:\/\/torresdetajamar.cl\/#website","url":"https:\/\/torresdetajamar.cl\/","name":"Comunidad Torres de Tajamar","description":"","publisher":{"@id":"https:\/\/torresdetajamar.cl\/#organization"},"potentialAction":[{"@type":"SearchAction","target":{"@type":"EntryPoint","urlTemplate":"https:\/\/torresdetajamar.cl\/?s={search_term_string}"},"query-input":{"@type":"PropertyValueSpecification","valueRequired":true,"valueName":"search_term_string"}}],"inLanguage":"es"},{"@type":"Organization","@id":"https:\/\/torresdetajamar.cl\/#organization","name":"Comunidad Torres de Tajamar","url":"https:\/\/torresdetajamar.cl\/","logo":{"@type":"ImageObject","inLanguage":"es","@id":"https:\/\/torresdetajamar.cl\/#\/schema\/logo\/image\/","url":"https:\/\/torresdetajamar.cl\/wp-content\/uploads\/2024\/10\/Sin-titulo-100x100-1.png","contentUrl":"https:\/\/torresdetajamar.cl\/wp-content\/uploads\/2024\/10\/Sin-titulo-100x100-1.png","width":100,"height":100,"caption":"Comunidad Torres de Tajamar"},"image":{"@id":"https:\/\/torresdetajamar.cl\/#\/schema\/logo\/image\/"}}]}},"_links":{"self":[{"href":"https:\/\/torresdetajamar.cl\/index.php\/wp-json\/wp\/v2\/pages\/20","targetHints":{"allow":["GET"]}}],"collection":[{"href":"https:\/\/torresdetajamar.cl\/index.php\/wp-json\/wp\/v2\/pages"}],"about":[{"href":"https:\/\/torresdetajamar.cl\/index.php\/wp-json\/wp\/v2\/types\/page"}],"author":[{"embeddable":true,"href":"https:\/\/torresdetajamar.cl\/index.php\/wp-json\/wp\/v2\/users\/1"}],"replies":[{"embeddable":true,"href":"https:\/\/torresdetajamar.cl\/index.php\/wp-json\/wp\/v2\/comments?post=20"}],"version-history":[{"count":4,"href":"https:\/\/torresdetajamar.cl\/index.php\/wp-json\/wp\/v2\/pages\/20\/revisions"}],"predecessor-version":[{"id":86,"href":"https:\/\/torresdetajamar.cl\/index.php\/wp-json\/wp\/v2\/pages\/20\/revisions\/86"}],"wp:attachment":[{"href":"https:\/\/torresdetajamar.cl\/index.php\/wp-json\/wp\/v2\/media?parent=20"}],"curies":[{"name":"wp","href":"https:\/\/api.w.org\/{rel}","templated":true}]}}